{"id":3312,"date":"2023-01-25T19:31:08","date_gmt":"2023-01-25T19:31:08","guid":{"rendered":"https:\/\/gallardodiesel.com\/producto\/euro-6-reman-f2-pump-bebe1r17001\/"},"modified":"2023-09-13T16:22:23","modified_gmt":"2023-09-13T16:22:23","slug":"euro-6-reman-f2-pump-bebe1r17001","status":"publish","type":"product","link":"https:\/\/gallardodiesel.com\/fr\/producto\/euro-6-reman-f2-pump-bebe1r17001\/","title":{"rendered":"VOLVO INJECTEUR 22459521 \/ 85020204"},"content":{"rendered":"<p>Injecteur 22459521 enti\u00e8rement reconditionn\u00e9 pour VOLVO Euro 6<\/p>\n<p>En tant que Service Officiel Delphi Diesel Center, nous disposons d&#8217;un large stock d&#8217;injecteurs dans nos entrep\u00f4ts en Espagne et en Allemagne.<\/p>\n<p>Nos produits sont livr\u00e9s comme indiqu\u00e9 sur la photo :<\/p>\n<p>R\u00e9par\u00e9 avec une pi\u00e8ce de rechange Delphi d&#8217;origine.<br \/>\nInjecteur emball\u00e9 dans la bo\u00eete d&#8217;origine Delphi.<br \/>\nProtocole officiel de passage des tests sur nos bancs Hartridge CRI PRO.<\/p>\n<p>Le nouveau code de correction permet d&#8217;optimiser les performances de l&#8217;injecteur 22459521 pour VOLVO.<\/p>\n<p>Nous exp\u00e9dions en express dans le monde entier, vous pouvez donc nous demander une estimation du d\u00e9lai de livraison.<\/p>\n<p>Tous nos produits sont garantis deux ans.<\/p>\n<p>R\u00e9f\u00e9rences crois\u00e9es :<\/p>\n<p>&nbsp;<\/p>\n<p>VOLVO &#8211; 22459521<\/p>\n<p>VOLVO &#8211; 85020204<\/p>\n<p>DELPHI &#8211; BEBE1R17001<\/p>\n<p>DELPHI &#8211; BEBE1R17101<\/p>\n<p>DELPHI &#8211; BEBE1R17201<\/p>\n","protected":false},"excerpt":{"rendered":"<p>Injecteur 22459521 enti\u00e8rement reconditionn\u00e9 pour VOLVO Euro 6 En tant que Service Officiel Delphi Diesel Center, nous disposons d&#8217;un large stock d&#8217;injecteurs dans nos entrep\u00f4ts en Espagne et en Allemagne. Nos produits sont livr\u00e9s comme indiqu\u00e9 sur la photo : R\u00e9par\u00e9 avec une pi\u00e8ce de rechange Delphi d&#8217;origine. Injecteur emball\u00e9 dans la bo\u00eete d&#8217;origine Delphi. [&hellip;]<\/p>\n","protected":false},"featured_media":2622,"template":"","meta":[],"product_cat":[74,84],"product_tag":[],"class_list":["post-3312","product","type-product","status-publish","has-post-thumbnail","hentry","product_cat-delphi-fr","product_cat-f2-pumping-injector-fr"],"_links":{"self":[{"href":"https:\/\/gallardodiesel.com\/fr\/wp-json\/wp\/v2\/product\/3312","targetHints":{"allow":["GET"]}}],"collection":[{"href":"https:\/\/gallardodiesel.com\/fr\/wp-json\/wp\/v2\/product"}],"about":[{"href":"https:\/\/gallardodiesel.com\/fr\/wp-json\/wp\/v2\/types\/product"}],"wp:featuredmedia":[{"embeddable":true,"href":"https:\/\/gallardodiesel.com\/fr\/wp-json\/wp\/v2\/media\/2622"}],"wp:attachment":[{"href":"https:\/\/gallardodiesel.com\/fr\/wp-json\/wp\/v2\/media?parent=3312"}],"wp:term":[{"taxonomy":"product_cat","embeddable":true,"href":"https:\/\/gallardodiesel.com\/fr\/wp-json\/wp\/v2\/product_cat?post=3312"},{"taxonomy":"product_tag","embeddable":true,"href":"https:\/\/gallardodiesel.com\/fr\/wp-json\/wp\/v2\/product_tag?post=3312"}],"curies":[{"name":"wp","href":"https:\/\/api.w.org\/{rel}","templated":true}]}}