{"id":3266,"date":"2023-01-25T19:37:04","date_gmt":"2023-01-25T19:37:04","guid":{"rendered":"https:\/\/gallardodiesel.com\/producto\/reman-f2e-smart-injector-bebj1f07001\/"},"modified":"2023-09-13T07:05:32","modified_gmt":"2023-09-13T07:05:32","slug":"reman-f2e-smart-injector-bebj1f07001","status":"publish","type":"product","link":"https:\/\/gallardodiesel.com\/fr\/producto\/reman-f2e-smart-injector-bebj1f07001\/","title":{"rendered":"INJECTEUR HYUNDAI 33800-82610"},"content":{"rendered":"<p>Injecteur 33800-82610 enti\u00e8rement reconditionn\u00e9 pour Hyundai Euro 6<\/p>\n<p>En tant que Service Officiel Delphi Diesel Center, nous disposons d&#8217;un large stock d&#8217;injecteurs dans nos entrep\u00f4ts en Espagne et en Allemagne.<\/p>\n<p>Nos produits sont livr\u00e9s comme indiqu\u00e9 sur la photo :<\/p>\n<p>R\u00e9par\u00e9 avec une pi\u00e8ce de rechange Delphi d&#8217;origine.<br \/>\nInjecteur emball\u00e9 dans la bo\u00eete d&#8217;origine Delphi.<br \/>\nProtocole officiel de passage des tests sur nos bancs Hartridge CRI PRO.<\/p>\n<p>Le nouveau code de correction permet d&#8217;optimiser les performances de l&#8217;injecteur 33800-82610 pour Hyundai.<\/p>\n<p>Nous exp\u00e9dions en express dans le monde entier, vous pouvez donc nous demander une estimation du d\u00e9lai de livraison.<\/p>\n<p>Tous nos produits sont garantis deux ans.<\/p>\n<p>R\u00e9f\u00e9rences crois\u00e9es :<\/p>\n<p>Hyundai &#8211; 33800-82610<\/p>\n<p>Delphi &#8211; BEBJ1F07001<\/p>\n<p>Delphi &#8211; HRE390<\/p>\n","protected":false},"excerpt":{"rendered":"<p>Injecteur 33800-82610 enti\u00e8rement reconditionn\u00e9 pour Hyundai Euro 6 En tant que Service Officiel Delphi Diesel Center, nous disposons d&#8217;un large stock d&#8217;injecteurs dans nos entrep\u00f4ts en Espagne et en Allemagne. Nos produits sont livr\u00e9s comme indiqu\u00e9 sur la photo : R\u00e9par\u00e9 avec une pi\u00e8ce de rechange Delphi d&#8217;origine. Injecteur emball\u00e9 dans la bo\u00eete d&#8217;origine Delphi. [&hellip;]<\/p>\n","protected":false},"featured_media":2630,"template":"","meta":[],"product_cat":[74,87],"product_tag":[],"class_list":["post-3266","product","type-product","status-publish","has-post-thumbnail","hentry","product_cat-delphi-fr","product_cat-f2e-fr"],"_links":{"self":[{"href":"https:\/\/gallardodiesel.com\/fr\/wp-json\/wp\/v2\/product\/3266","targetHints":{"allow":["GET"]}}],"collection":[{"href":"https:\/\/gallardodiesel.com\/fr\/wp-json\/wp\/v2\/product"}],"about":[{"href":"https:\/\/gallardodiesel.com\/fr\/wp-json\/wp\/v2\/types\/product"}],"wp:featuredmedia":[{"embeddable":true,"href":"https:\/\/gallardodiesel.com\/fr\/wp-json\/wp\/v2\/media\/2630"}],"wp:attachment":[{"href":"https:\/\/gallardodiesel.com\/fr\/wp-json\/wp\/v2\/media?parent=3266"}],"wp:term":[{"taxonomy":"product_cat","embeddable":true,"href":"https:\/\/gallardodiesel.com\/fr\/wp-json\/wp\/v2\/product_cat?post=3266"},{"taxonomy":"product_tag","embeddable":true,"href":"https:\/\/gallardodiesel.com\/fr\/wp-json\/wp\/v2\/product_tag?post=3266"}],"curies":[{"name":"wp","href":"https:\/\/api.w.org\/{rel}","templated":true}]}}