{"id":3080,"date":"2023-01-25T19:51:12","date_gmt":"2023-01-25T19:51:12","guid":{"rendered":"https:\/\/gallardodiesel.com\/producto\/reman-f2r-injector-a9360702187\/"},"modified":"2023-09-13T08:06:33","modified_gmt":"2023-09-13T08:06:33","slug":"reman-f2r-injector-a9360702187","status":"publish","type":"product","link":"https:\/\/gallardodiesel.com\/fr\/producto\/reman-f2r-injector-a9360702187\/","title":{"rendered":"INJECTEUR MERCEDES A9360702187"},"content":{"rendered":"<p>Injecteur A9360702187 enti\u00e8rement reconditionn\u00e9 pour Mercedes Euro 6<\/p>\n<p>En tant que Service Officiel Delphi Diesel Center, nous disposons d&#8217;un large stock d&#8217;injecteurs dans nos entrep\u00f4ts en Espagne et en Allemagne.<\/p>\n<p>Nos produits sont livr\u00e9s comme indiqu\u00e9 sur la photo :<\/p>\n<p>R\u00e9par\u00e9 avec une pi\u00e8ce de rechange Delphi d&#8217;origine.<br \/>\nInjecteur emball\u00e9 dans la bo\u00eete d&#8217;origine Delphi.<br \/>\nProtocole officiel de passage des tests sur nos bancs Hartridge CRI PRO.<\/p>\n<p>Le nouveau code de correction permet d&#8217;optimiser les performances de l&#8217;injecteur A9360702187 pour Mercedes.<\/p>\n<p>Nous exp\u00e9dions en express dans le monde entier, vous pouvez donc nous demander une estimation du d\u00e9lai de livraison.<\/p>\n<p>Tous nos produits sont garantis deux ans.<\/p>\n<p>R\u00e9f\u00e9rences crois\u00e9es :<\/p>\n<p>&nbsp;<\/p>\n<p>Mercedes &#8211; A9360702187<\/p>\n<p>Mercedes &#8211; A9362187<\/p>\n<p>Mercedes &#8211; A 936 070 21 87<\/p>\n<p>Delphi &#8211; BEBJ1C01001<\/p>\n<p>Delphi &#8211; BEBJ1C01002<\/p>\n<p>Delphi &#8211; HRE387<\/p>\n","protected":false},"excerpt":{"rendered":"<p>Injecteur A9360702187 enti\u00e8rement reconditionn\u00e9 pour Mercedes Euro 6 En tant que Service Officiel Delphi Diesel Center, nous disposons d&#8217;un large stock d&#8217;injecteurs dans nos entrep\u00f4ts en Espagne et en Allemagne. Nos produits sont livr\u00e9s comme indiqu\u00e9 sur la photo : R\u00e9par\u00e9 avec une pi\u00e8ce de rechange Delphi d&#8217;origine. Injecteur emball\u00e9 dans la bo\u00eete d&#8217;origine Delphi. [&hellip;]<\/p>\n","protected":false},"featured_media":2830,"template":"","meta":[],"product_cat":[74,80],"product_tag":[],"class_list":["post-3080","product","type-product","status-publish","has-post-thumbnail","hentry","product_cat-delphi-fr","product_cat-f2r-fr"],"_links":{"self":[{"href":"https:\/\/gallardodiesel.com\/fr\/wp-json\/wp\/v2\/product\/3080","targetHints":{"allow":["GET"]}}],"collection":[{"href":"https:\/\/gallardodiesel.com\/fr\/wp-json\/wp\/v2\/product"}],"about":[{"href":"https:\/\/gallardodiesel.com\/fr\/wp-json\/wp\/v2\/types\/product"}],"wp:featuredmedia":[{"embeddable":true,"href":"https:\/\/gallardodiesel.com\/fr\/wp-json\/wp\/v2\/media\/2830"}],"wp:attachment":[{"href":"https:\/\/gallardodiesel.com\/fr\/wp-json\/wp\/v2\/media?parent=3080"}],"wp:term":[{"taxonomy":"product_cat","embeddable":true,"href":"https:\/\/gallardodiesel.com\/fr\/wp-json\/wp\/v2\/product_cat?post=3080"},{"taxonomy":"product_tag","embeddable":true,"href":"https:\/\/gallardodiesel.com\/fr\/wp-json\/wp\/v2\/product_tag?post=3080"}],"curies":[{"name":"wp","href":"https:\/\/api.w.org\/{rel}","templated":true}]}}