{"id":3038,"date":"2023-08-30T18:11:57","date_gmt":"2023-08-30T18:11:57","guid":{"rendered":"https:\/\/gallardodiesel.com\/producto\/5010477370-iveco-injector\/"},"modified":"2023-09-12T09:24:27","modified_gmt":"2023-09-12T09:24:27","slug":"5010477370-iveco-injector","status":"publish","type":"product","link":"https:\/\/gallardodiesel.com\/fr\/producto\/5010477370-iveco-injector\/","title":{"rendered":"5010477370 INJECTEUR IVECO"},"content":{"rendered":"<p>Injecteur enti\u00e8rement reconditionn\u00e9 5010477370 pour Iveco<\/p>\n<p>En tant que Bosch Diesel Center Service officiel, nous disposons d&#8217;un stock important d&#8217;injecteurs dans nos entrep\u00f4ts en Espagne et en Allemagne.<\/p>\n<p>Nos produits sont livr\u00e9s comme indiqu\u00e9 sur la photo :<\/p>\n<p>Remise \u00e0 neuf avec la pi\u00e8ce de rechange d&#8217;origine Bosch.<br \/>\nInjecteur emball\u00e9 dans une bo\u00eete d&#8217;origine Bosch Quality Scan.<br \/>\nProtocole officiel de passage des tests sur nos bancs Bosch DCI 700.<br \/>\nLe nouveau code de correction permet d&#8217;optimiser les performances de l&#8217;injecteur 5010477370 pour Iveco.<\/p>\n<p>Nous livrons dans le monde entier, vous pouvez donc nous demander une estimation du d\u00e9lai de livraison.<\/p>\n<p>Tous nos produits sont garantis deux ans.<\/p>\n<p>&nbsp;<\/p>\n<p>Iveco &#8211; 5010477370<\/p>\n<p>Iveco &#8211; 5010550954<\/p>\n<p>Iveco &#8211; 5015509540<\/p>\n<p>Iveco &#8211; 503135258<\/p>\n<p>Iveco &#8211; 503140728<\/p>\n<p>Renault &#8211; 25548025<\/p>\n<p>Bosch &#8211; 0445120009<\/p>\n<p>Bosch &#8211; 0445120010<\/p>\n<p>&nbsp;<\/p>\n<p>&nbsp;<\/p>\n<p>&nbsp;<\/p>\n","protected":false},"excerpt":{"rendered":"<p>Injecteur enti\u00e8rement reconditionn\u00e9 5010477370 pour Iveco En tant que Bosch Diesel Center Service officiel, nous disposons d&#8217;un stock important d&#8217;injecteurs dans nos entrep\u00f4ts en Espagne et en Allemagne. Nos produits sont livr\u00e9s comme indiqu\u00e9 sur la photo : Remise \u00e0 neuf avec la pi\u00e8ce de rechange d&#8217;origine Bosch. Injecteur emball\u00e9 dans une bo\u00eete d&#8217;origine Bosch [&hellip;]<\/p>\n","protected":false},"featured_media":2730,"template":"","meta":[],"product_cat":[62],"product_tag":[],"class_list":["post-3038","product","type-product","status-publish","has-post-thumbnail","hentry","product_cat-crin-fr"],"_links":{"self":[{"href":"https:\/\/gallardodiesel.com\/fr\/wp-json\/wp\/v2\/product\/3038","targetHints":{"allow":["GET"]}}],"collection":[{"href":"https:\/\/gallardodiesel.com\/fr\/wp-json\/wp\/v2\/product"}],"about":[{"href":"https:\/\/gallardodiesel.com\/fr\/wp-json\/wp\/v2\/types\/product"}],"wp:featuredmedia":[{"embeddable":true,"href":"https:\/\/gallardodiesel.com\/fr\/wp-json\/wp\/v2\/media\/2730"}],"wp:attachment":[{"href":"https:\/\/gallardodiesel.com\/fr\/wp-json\/wp\/v2\/media?parent=3038"}],"wp:term":[{"taxonomy":"product_cat","embeddable":true,"href":"https:\/\/gallardodiesel.com\/fr\/wp-json\/wp\/v2\/product_cat?post=3038"},{"taxonomy":"product_tag","embeddable":true,"href":"https:\/\/gallardodiesel.com\/fr\/wp-json\/wp\/v2\/product_tag?post=3038"}],"curies":[{"name":"wp","href":"https:\/\/api.w.org\/{rel}","templated":true}]}}