{"id":3001,"date":"2023-01-27T11:46:07","date_gmt":"2023-01-27T11:46:07","guid":{"rendered":"https:\/\/gallardodiesel.com\/politica-de-cookies\/"},"modified":"2023-09-05T06:06:53","modified_gmt":"2023-09-05T06:06:53","slug":"cookies-policy","status":"publish","type":"page","link":"https:\/\/gallardodiesel.com\/en\/cookies-policy\/","title":{"rendered":"Cookies policy"},"content":{"rendered":"\t\t<div data-elementor-type=\"wp-page\" data-elementor-id=\"3001\" class=\"elementor elementor-3001 elementor-906\" data-elementor-post-type=\"page\">\n\t\t\t\t\t\t\t\t\t<section class=\"elementor-section elementor-top-section elementor-element elementor-element-23024ba1 elementor-section-boxed elementor-section-height-default elementor-section-height-default\" data-id=\"23024ba1\" data-element_type=\"section\">\n\t\t\t\t\t\t<div class=\"elementor-container elementor-column-gap-default\">\n\t\t\t\t\t<div class=\"elementor-column elementor-col-100 elementor-top-column elementor-element elementor-element-36166ce8\" data-id=\"36166ce8\" data-element_type=\"column\">\n\t\t\t<div class=\"elementor-widget-wrap elementor-element-populated\">\n\t\t\t\t\t\t\t\t<div class=\"elementor-element elementor-element-510d1b12 elementor-widget elementor-widget-text-editor\" data-id=\"510d1b12\" data-element_type=\"widget\" data-widget_type=\"text-editor.default\">\n\t\t\t\t<div class=\"elementor-widget-container\">\n\t\t\t<style>\/*! elementor - v3.15.0 - 20-08-2023 *\/\n.elementor-widget-text-editor.elementor-drop-cap-view-stacked .elementor-drop-cap{background-color:#69727d;color:#fff}.elementor-widget-text-editor.elementor-drop-cap-view-framed .elementor-drop-cap{color:#69727d;border:3px solid;background-color:transparent}.elementor-widget-text-editor:not(.elementor-drop-cap-view-default) .elementor-drop-cap{margin-top:8px}.elementor-widget-text-editor:not(.elementor-drop-cap-view-default) .elementor-drop-cap-letter{width:1em;height:1em}.elementor-widget-text-editor .elementor-drop-cap{float:left;text-align:center;line-height:1;font-size:50px}.elementor-widget-text-editor .elementor-drop-cap-letter{display:inline-block}<\/style>\t\t\t\t<p><\/p>\n<h2><b>Cookies policy<\/b><br><\/h2>\n<p><\/p>\n<p><\/p>\n<p>En esta declaraci\u00f3n de reglas, el t\u00e9rmino \u201ccookie\u201d se utiliza para referirse a los archivos cookie, as\u00ed como otros dispositivos que est\u00e1n cubiertos por la Directiva de la U.E. sobre privacidad y comunicaciones electr\u00f3nicas.<\/p>\n<p><br><\/p>\n<p><\/p>\n<p><\/p>\n<p><strong>\u00bfQu\u00e9 son las cookies?<br><\/strong>Una cookie es simplemente un peque\u00f1o archivo de texto que contiene partes de datos, almacenados en su ordenador u otro dispositivo cuando visitas un sitio web. Las cookies se utilizan para facilitar la navegaci\u00f3n de sitios web que visitas, pero no recogen ninguna informaci\u00f3n almacenada en el ordenador o en archivos.<br>Las cookies aseguran la m\u00e1xima precisi\u00f3n de los servicios y, por tanto, facilitan el uso del navegador web. Para proteger tu privacidad, los navegadores web permiten el acceso a una p\u00e1gina web para los archivos de cookies que ya est\u00e1n alojados en tu ordenador.<\/p>\n<p><br><\/p>\n<p><\/p>\n<p><\/p>\n<p><strong>\u00bfPor qu\u00e9 utilizamos cookies?<br><\/strong>Utilizamos cookies para obtener m\u00e1s informaci\u00f3n sobre la forma en que los usuarios navegan en nuestros sitios web, con lo que conseguimos proporcionar una mejor informaci\u00f3n adaptada a cada una de sus necesidades individuales y mejorar su experiencia en nuestros sitios web.<br>Las cookies recuerdan el tipo de navegador de Internet que utilizas y otros complementos del explorador instalados en el equipo. Tambi\u00e9n recuerdan decisiones que tomadas, como el idioma o la regi\u00f3n. Son guardadas como configuraci\u00f3n predeterminada y se utilizan cuando visitas el sitio de nuevo. Estos archivos tambi\u00e9n permiten a los usuarios de Internet evaluar las p\u00e1ginas web y enviar comentarios.<\/p>\n<p><br><\/p>\n<p><\/p>\n<p><\/p>\n<p><b>\u00bfQu\u00e9 tipos de cookies usamos?<\/b><\/p>\n<p><strong><br>Cookies Estrictamente Necesarias<br><\/strong>Estas son las cookies esenciales que permiten moverte por la p\u00e1gina web y utilizar sus funciones. Sin ellas, el registro de los servicios y el inicio de sesi\u00f3n no funcionar\u00edan. Estas cookies no recogen ninguna informaci\u00f3n sobre ti que pueda ser utilizada para la comercializaci\u00f3n o que puedan recordar d\u00f3nde has estado en Internet.<\/p>\n<p><\/p>\n<p><\/p>\n<p><strong>Cookies de rendimiento<br><\/strong>Estas recogen informaci\u00f3n acerca de c\u00f3mo se utiliza un sitio web, por ejemplo, las p\u00e1ginas que vas m\u00e1s a menudo. No recogen informaci\u00f3n que las identifique; toda la informaci\u00f3n es an\u00f3nima. S\u00f3lo se utilizan para mejorar el rendimiento del sitio web.<\/p>\n<p><\/p>\n<p><\/p>\n<p><strong>Cookies de funcionalidad<br><\/strong>Estas recuerdan decisiones que tomas (como tu nombre de usuario o idioma)<br>y proporcionan caracter\u00edsticas personales. Recuerdan cambios que has realizado o tama\u00f1o del texto, fuentes y otras partes de las p\u00e1ginas web que se pueden personalizar. Tambi\u00e9n ofrecen servicios solicitados, como ver un video o comentar en un blog. La informaci\u00f3n que recogen se puede hacer an\u00f3nimamente. No pueden realizar un seguimiento de otros sitios web que visitas.<\/p>\n<p><\/p>\n<p><\/p>\n<p><strong>Cookies personalizadas<br><\/strong>Estas ofrecen anuncios o mensajes en relevancia contigo y tus intereses. Estas cookies personalizadas a veces est\u00e1n vinculados a otros sitios, por ejemplo, sitios de redes sociales.<\/p>\n<p><\/p>\n<p><\/p>\n<p><strong>Cookies Temporales o de Largo plazo<br><\/strong>Dentro de estos cuatro tipos de cookies, las cookies se clasifican ya sea como (cookies de \u2018sesi\u00f3n\u2019) temporales o de largo plazo (cookies \u2018persistentes\u2019).<br>Las cookies de \u2018Sesi\u00f3n\u2019 vinculan sus acciones a una sola sesi\u00f3n. Esta \u201csesi\u00f3n\u201d se inicia cuando la p\u00e1gina web se abre y termina cuando se cierra. Entonces la cookie se borra para siempre.<br>Las cookies \u2018persistentes\u2019 permanecen en un ordenador u otro dispositivo durante un per\u00edodo espec\u00edfico de tiempo. Se activan autom\u00e1ticamente cuando visitas un sitio web en particular.<\/p>\n<p><br><\/p>\n<p><\/p>\n<p><\/p>\n<p><\/p>\n<p><\/p>\n<p><\/p>\n<p><\/p>\n<p>\u00bf<strong>C\u00f3mo bloquear o eliminar las cookies?<br><\/strong>Si decides que no est\u00e1s contento con el uso de cookies en este sitio web, puedes eliminarlas f\u00e1cilmente de la carpeta de cookies de tu navegador. Tambi\u00e9n puedes configurar tu navegador para bloquear las cookies o para enviar un aviso de advertencia antes de que se almacene una cookie en tu ordenador. Encontrar\u00e1 m\u00e1s informaci\u00f3n acerca de las cookies en el men\u00fa de tu navegador. Al bloquear las cookies, podr\u00e1s seguir usando nuestros sitios web, pero tendr\u00e1 un efecto negativo en la usabilidad de estos sitios web. Preguntas Ofrecemos ayuda y soporte a todos nuestros Clientes. Si tienes alguna pregunta, comentario, consejos, por favor, escr\u00edbenos. Encontrar\u00e1s nuestra direcci\u00f3n en el correo de confirmaci\u00f3n que se env\u00eda despu\u00e9s de haber realizado el pedido.<\/p>\n<p><\/p>\t\t\t\t\t\t<\/div>\n\t\t\t\t<\/div>\n\t\t\t\t\t<\/div>\n\t\t<\/div>\n\t\t\t\t\t\t\t<\/div>\n\t\t<\/section>\n\t\t\t\t\t\t\t<\/div>\n\t\t","protected":false},"excerpt":{"rendered":"<p>Cookies policy En esta declaraci\u00f3n de reglas, el t\u00e9rmino \u201ccookie\u201d se utiliza para referirse a los archivos cookie, as\u00ed como otros dispositivos que est\u00e1n cubiertos por la Directiva de la U.E. sobre privacidad y comunicaciones electr\u00f3nicas. \u00bfQu\u00e9 son las cookies?Una cookie es simplemente un peque\u00f1o archivo de texto que contiene partes de datos, almacenados en [&hellip;]<\/p>\n","protected":false},"author":1,"featured_media":0,"parent":0,"menu_order":0,"comment_status":"closed","ping_status":"closed","template":"","meta":{"footnotes":""},"class_list":["post-3001","page","type-page","status-publish","hentry"],"_links":{"self":[{"href":"https:\/\/gallardodiesel.com\/en\/wp-json\/wp\/v2\/pages\/3001","targetHints":{"allow":["GET"]}}],"collection":[{"href":"https:\/\/gallardodiesel.com\/en\/wp-json\/wp\/v2\/pages"}],"about":[{"href":"https:\/\/gallardodiesel.com\/en\/wp-json\/wp\/v2\/types\/page"}],"author":[{"embeddable":true,"href":"https:\/\/gallardodiesel.com\/en\/wp-json\/wp\/v2\/users\/1"}],"replies":[{"embeddable":true,"href":"https:\/\/gallardodiesel.com\/en\/wp-json\/wp\/v2\/comments?post=3001"}],"version-history":[{"count":4,"href":"https:\/\/gallardodiesel.com\/en\/wp-json\/wp\/v2\/pages\/3001\/revisions"}],"predecessor-version":[{"id":3005,"href":"https:\/\/gallardodiesel.com\/en\/wp-json\/wp\/v2\/pages\/3001\/revisions\/3005"}],"wp:attachment":[{"href":"https:\/\/gallardodiesel.com\/en\/wp-json\/wp\/v2\/media?parent=3001"}],"curies":[{"name":"wp","href":"https:\/\/api.w.org\/{rel}","templated":true}]}}