{"id":2990,"date":"2023-01-27T11:45:49","date_gmt":"2023-01-27T11:45:49","guid":{"rendered":"https:\/\/gallardodiesel.com\/politica-de-privacidad\/"},"modified":"2023-09-05T06:08:36","modified_gmt":"2023-09-05T06:08:36","slug":"privacy-policy","status":"publish","type":"page","link":"https:\/\/gallardodiesel.com\/en\/privacy-policy\/","title":{"rendered":"Privacy Policy"},"content":{"rendered":"\t\t<div data-elementor-type=\"wp-page\" data-elementor-id=\"2990\" class=\"elementor elementor-2990 elementor-904\" data-elementor-post-type=\"page\">\n\t\t\t\t\t\t\t\t\t<section class=\"elementor-section elementor-top-section elementor-element elementor-element-4bec19fc elementor-section-boxed elementor-section-height-default elementor-section-height-default\" data-id=\"4bec19fc\" data-element_type=\"section\">\n\t\t\t\t\t\t<div class=\"elementor-container elementor-column-gap-default\">\n\t\t\t\t\t<div class=\"elementor-column elementor-col-100 elementor-top-column elementor-element elementor-element-c46ea6c\" data-id=\"c46ea6c\" data-element_type=\"column\">\n\t\t\t<div class=\"elementor-widget-wrap elementor-element-populated\">\n\t\t\t\t\t\t\t\t<div class=\"elementor-element elementor-element-3b9165e0 elementor-widget elementor-widget-text-editor\" data-id=\"3b9165e0\" data-element_type=\"widget\" data-widget_type=\"text-editor.default\">\n\t\t\t\t<div class=\"elementor-widget-container\">\n\t\t\t<style>\/*! elementor - v3.15.0 - 20-08-2023 *\/\n.elementor-widget-text-editor.elementor-drop-cap-view-stacked .elementor-drop-cap{background-color:#69727d;color:#fff}.elementor-widget-text-editor.elementor-drop-cap-view-framed .elementor-drop-cap{color:#69727d;border:3px solid;background-color:transparent}.elementor-widget-text-editor:not(.elementor-drop-cap-view-default) .elementor-drop-cap{margin-top:8px}.elementor-widget-text-editor:not(.elementor-drop-cap-view-default) .elementor-drop-cap-letter{width:1em;height:1em}.elementor-widget-text-editor .elementor-drop-cap{float:left;text-align:center;line-height:1;font-size:50px}.elementor-widget-text-editor .elementor-drop-cap-letter{display:inline-block}<\/style>\t\t\t\t<p><\/p>\n<h2>Privacy policy<\/h2>\n<div><strong>&nbsp;<\/strong><\/div>\n<div><strong>&nbsp;1.&nbsp;<\/strong><strong style=\"background-color: transparent;\">Introducci\u00f3n<\/strong><\/div>\n<p><\/p>\n<p><\/p>\n<p><\/p>\n<p>Gallardo Automotive Technologies S.L. (en adelante, \u201c<strong>Gallardo Automotive<\/strong>\u201d) conoce y entiende la preocupaci\u00f3n de los Usuarios por la privacidad y el tratamiento de los datos de car\u00e1cter personal facilitados a trav\u00e9s de este Sitio Web. Por ello, te invitamos a leer atentamente esta pol\u00edtica de privacidad (en adelante, la \u201c<strong>Pol\u00edtica de privacidad<\/strong>\u201d) con el fin de que puedas conocer con qu\u00e9 fin recopilamos tus datos personales (en adelante, los \u201c<strong>Datos Personales<\/strong>\u201d), c\u00f3mo gestionamos su procesamiento y durante cu\u00e1nto tiempo ser\u00e1n conservados.<\/p>\n<p><\/p>\n<p><\/p>\n<p>De acuerdo con lo establecido en los art\u00edculos 5 y 6 de la Ley Org\u00e1nica 3\/2018, de 5 de diciembre, de Protecci\u00f3n de Datos Personales y garant\u00eda de los derechos digitales (en adelante, \u201c<strong>LPDP<\/strong>\u201d), el tratamiento de Datos Personales se har\u00e1 de manera confidencial y siempre y cuando el afectado preste su consentimiento para ello. Si el afectado es menor de 14 a\u00f1os, dicho consentimiento deber\u00e1 ser prestado por el titular de la patria potestad o tutela.<\/p>\n<p><\/p>\n<p><\/p>\n<p>En caso de que el Usuario preste su consentimiento para el tratamiento de sus Datos personales ser\u00e1 responsable de los da\u00f1os o perjuicios que se puedan ocasionar como consecuencia de la cumplimentaci\u00f3n de los formularios con datos falsos o inexactos.<\/p>\n<p><\/p>\n<p><\/p>\n<p><\/p>\n<p><\/p>\n<p><\/p>\n<p>&nbsp;2.&nbsp;<strong>Responsable del tratamiento de Datos personales<\/strong><\/p>\n<p><\/p>\n<p><\/p>\n<p>Los Datos Personales que los Usuarios nos faciliten a trav\u00e9s del portal de Internet <a href=\"http:\/\/www.gallardodiesel.com\" data-type=\"URL\" data-id=\"www.gallardodiesel.com\">www.gallardodiesel.com<\/a> (en adelante, el \u201c<strong>Sitio Web<\/strong>\u201d) ser\u00e1n tratados por Gallardo Automotive Technologies S.L. que act\u00faa como Responsable del tratamiento y ser\u00e1n almacenados en una base de datos de su propiedad.<\/p>\n<p><\/p>\n<p><\/p>\n<p>Datos de contacto GALLARDO AUTOMOTIVE:<\/p>\n<p><\/p>\n<p><\/p>\n<ul>\n<li style=\"list-style-type: none;\">\n<ul><\/ul>\n<\/li>\n<\/ul>\n<ul>\n<li style=\"list-style-type: none;\">\n<ul>\n<li>Direcci\u00f3n: calle Pino Verde 17, 41410, Carmona (Sevilla).<\/li>\n<\/ul>\n<\/li>\n<\/ul>\n<p><\/p>\n<p><\/p>\n<ul>\n<li style=\"list-style-type: none;\">\n<ul>\n<li>NIF: B67996454<\/li>\n<\/ul>\n<\/li>\n<\/ul>\n<p><\/p>\n<p><\/p>\n<ul>\n<li style=\"list-style-type: none;\">\n<ul>\n<li>Datos registrales Folio 117, Tomo 7175, Secci\u00f3n General de Sociedades, Hoja SE133475.Direcci\u00f3n de correo electr\u00f3nico de contacto:&nbsp;<a href=\"mailto:administracion@gallardoautomotive.com\">administracion@gallardoautomotive.com<\/a><\/li>\n<\/ul>\n<\/li>\n<\/ul>\n<p><\/p>\n<p><\/p>\n<p><\/p>\n<p>Como Responsable del tratamiento de Datos Personales, GALLARDO AUTOMOTIVE ha designado un Delegado de Protecci\u00f3n de Datos cuyo principal cometido es ser el interlocutor entre el Responsable del tratamiento y las autoridades auton\u00f3micas de protecci\u00f3n de datos. Puede ponerse en contacto con \u00e9l a trav\u00e9s de la siguiente direcci\u00f3n de correo electr\u00f3nico: <a href=\"mailto:administracion@gallardoautomotive.com\">administracion@gallardoautomotive.com<\/a><\/p>\n<p><\/p>\n<p><\/p>\n<p><\/p>\n<p><\/p>\n<p><\/p>\n<p>3.&nbsp;<strong>Tipos de Datos personales recopilados<\/strong><\/p>\n<p><\/p>\n<p><\/p>\n<p>a. Datos recopilados a trav\u00e9s del sitio web:<\/p>\n<p><\/p>\n<p><\/p>\n<p>Los Datos Personales que recopilamos son los estrictamente necesarios para la correcta prestaci\u00f3n de los servicios que se ofrecen en el Sitio Web. Para que usted sepa cu\u00e1les son los Datos personales estrictamente necesarios, \u00e9stos se encuentran marcados con un asterisco (*) en el apartado \u201ccontacto\u201d de nuestro sitio web<\/p>\n<p><\/p>\n<p><\/p>\n<p>Los datos de contacto que recopilamos son:<\/p>\n<p><\/p>\n<p><\/p>\n<ul>\n<li style=\"list-style-type: none;\">\n<ul><\/ul>\n<\/li>\n<\/ul>\n<ul>\n<li style=\"list-style-type: none;\">\n<ul>\n<li>Nombre del Usuario interesado en contactar con GALLARDO ATOMOTIVE<\/li>\n<\/ul>\n<\/li>\n<\/ul>\n<p><\/p>\n<p><\/p>\n<ul>\n<li style=\"list-style-type: none;\">\n<ul>\n<li>Direcci\u00f3n de correo electr\u00f3nico: <a href=\"mailto:administracion@gallardoautomotive.com\">administracion@gallardoautomotive.com<\/a><\/li>\n<\/ul>\n<\/li>\n<\/ul>\n<p><\/p>\n<p><\/p>\n<p><\/p>\n<p>Adem\u00e1s, en el apartado \u201cContacto\u201d del Sitio Web se solicita el n\u00famero de tel\u00e9fono, si bien el Usuario que no est\u00e9 conforme con dar este Dato Personal no estar\u00e1 obligado a ello. Aquel Usuario que proporcione su n\u00famero de tel\u00e9fono deber\u00e1 entender que lo hace de manera estrictamente voluntaria y prestando su absoluto consentimiento.<\/p>\n<p><\/p>\n<p><\/p>\n<p>Es importante que tenga en cuenta que el mero acceso y navegaci\u00f3n por el Sitio Web no supone la recopilaci\u00f3n de Datos personales.<\/p>\n<p><\/p>\n<p><\/p>\n<p>b.&nbsp;Datos recopilados a trav\u00e9s de las Redes sociales:<\/p>\n<p><\/p>\n<p><\/p>\n<p>A trav\u00e9s de las redes sociales, GALLARDO AUTOMOTIVE recopilar\u00e1 cuantos Datos Personales sean proporcionados de manera completamente voluntaria por los Usuarios. Usted como Usuario no est\u00e1 obligado a aportar ning\u00fan Dato Personal a trav\u00e9s de esta cuenta para poder contactar con GALLARDO AUTOMOTIVE.<\/p>\n<p><\/p>\n<p><\/p>\n<p>Debe tener en cuenta que para implementar botones de Redes sociales en el Sitio Web se utilizan softwares que posiblemente recopilen informaci\u00f3n y Datos personales de su actividad en Internet y que est\u00e1n fuera del control de GALLARDO AUTOMOTIVE, no haci\u00e9ndonos responsables de cuantas consecuencias se deriven de este hecho.<\/p>\n<p><\/p>\n<p><\/p>\n<p><\/p>\n<p><\/p>\n<p><\/p>\n<p>4.&nbsp;<strong>Finalidad de la recopilaci\u00f3n de los Datos Personales<\/strong><\/p>\n<p><\/p>\n<p><\/p>\n<p>Los Datos Personales que nos sean proporcionados por los Usuarios a trav\u00e9s del Sitio Web ser\u00e1n exclusivamente utilizados para gestionar la petici\u00f3n indicada en su comunicaci\u00f3n en el apartado \u201cContacto\u201d. Si estos Datos Personales no son facilitados, usted no podr\u00e1 contactar con GALLARDO AUTOMOTIVE a trav\u00e9s del Sitio Web.<\/p>\n<p><\/p>\n<p><\/p>\n<p>Los Datos personales proporcionados de manera voluntaria a trav\u00e9s de las redes sociales ser\u00e1n usados exclusivamente para la gesti\u00f3n de contactos en dichas redes sociales.<\/p>\n<p><\/p>\n<p><\/p>\n<p><\/p>\n<p><\/p>\n<p><\/p>\n<p>5.&nbsp;<strong>Cesi\u00f3n de Datos Personales<\/strong><\/p>\n<p><\/p>\n<p><\/p>\n<p>Los Datos Personales que sean recopilados por GALLARDO AUTOMOTIVE a trav\u00e9s de su Sitio Web o de las redes sociales no ser\u00e1n cedidos en ning\u00fan caso a terceros, salvo que exista obligaci\u00f3n legal o que el afectado preste su consentimiento expreso previo para llevar a cabo tal cesi\u00f3n.<\/p>\n<p><\/p>\n<p><\/p>\n<p><\/p>\n<p><\/p>\n<p><\/p>\n<p>6.&nbsp;<strong>Plazo de conservaci\u00f3n de Datos Personales<\/strong><\/p>\n<p><\/p>\n<p><\/p>\n<p>GALLARDO AUTOMOTIVE conservar\u00e1 sus Datos Personales en los siguientes plazos de tiempo y siempre que el afectado no revoque su consentimiento para su tratamiento:<\/p>\n<p><\/p>\n<p><\/p>\n<p>Durante el tiempo que sea necesario para la adecuada gesti\u00f3n de la petici\u00f3n indicada en su comunicaci\u00f3n en el apartado \u201cContacto\u201d del Sitio Web.<br>Durante el tiempo que dure la relaci\u00f3n contractual.<br>Durante el tiempo necesario para cumplir las obligaciones legales.<\/p>\n<p><\/p>\n<p><\/p>\n<p><\/p>\n<p><\/p>\n<p><\/p>\n<p>7.&nbsp;<strong>Derechos<\/strong><\/p>\n<p><\/p>\n<p><\/p>\n<p>Los Usuarios que proporcionen Datos Personales a GALLARDO AUTOMOTIVE pueden ejercer en cualquier momento, si as\u00ed lo desean, una serie de derechos, todos ellos previstos en la LPDP:<\/p>\n<p><\/p>\n<p><\/p>\n<p>a.&nbsp;Derecho de acceso a los Datos Personales: el Usuario que lo solicite podr\u00e1 conocer si GALLARDO AUTOMOTIVE est\u00e1 tratando sus Datos Personales y en tal caso, podr\u00e1 solicitar el acceso a los mismos.<\/p>\n<p><\/p>\n<p><\/p>\n<p>b.&nbsp;Derecho de rectificaci\u00f3n de los Datos Personales: el Usuario tiene derecho a que sus Datos Personales inexactos o incompletos sean rectificados. En este caso, el afectado indicar\u00e1 en su solicitud qu\u00e9 datos concretos desea rectificar y la correcci\u00f3n que deba realizarse.<\/p>\n<p><\/p>\n<p><\/p>\n<p>c.&nbsp;Derecho de supresi\u00f3n de los Datos Personales: el Usuario tiene derecho a que sus Datos Personales sean suprimidos, sin dilaciones indebidas, cuando as\u00ed lo solicite.<\/p>\n<p><\/p>\n<p><\/p>\n<p>d.&nbsp;Derecho a la limitaci\u00f3n del tratamiento de Datos Personales: el Usuario puede solicitar la limitaci\u00f3n del tratamiento de sus Datos personales en cualquier momento cuando as\u00ed lo desee. En este caso, GALLARDO AUTOMOTIVE har\u00e1 constar en sus sistemas y bases de datos dicha limitaci\u00f3n.<\/p>\n<p><\/p>\n<p><\/p>\n<p>e.&nbsp;Derecho de oposici\u00f3n al tratamiento: el Usuario est\u00e1 en su derecho de oponerse a que sus Datos Personales sean tratados por GALLARDO AUTOMOTIVE. En dicho caso, GALLARDO AUTOMOTIVE cesar\u00e1 en el tratamiento de dichos Datos Personales.<\/p>\n<p><\/p>\n<p><\/p>\n<p>f.&nbsp;Derecho a la portabilidad de los Datos Personales: el Usuario tiene derecho a recibir sus Datos Personales en un formato estructurado y de lectura mec\u00e1nica y, si lo desea, a transmitirlos a un tercero sin que sea necesaria la autorizaci\u00f3n de GALLARDO AUTOMOTIVE.<\/p>\n<p><\/p>\n<p><\/p>\n<p>g.&nbsp;Derecho a retirar el consentimiento: los Datos Personales ser\u00e1n tratados \u00fanicamente cuando medie el consentimiento del Usuario afectado. El Usuario tiene derecho a retirar el consentimiento previamente otorgado para el tratamiento de sus Datos Personales.<\/p>\n<p><\/p>\n<p><\/p>\t\t\t\t\t\t<\/div>\n\t\t\t\t<\/div>\n\t\t\t\t\t<\/div>\n\t\t<\/div>\n\t\t\t\t\t\t\t<\/div>\n\t\t<\/section>\n\t\t\t\t\t\t\t<\/div>\n\t\t","protected":false},"excerpt":{"rendered":"<p>Privacy policy &nbsp; &nbsp;1.&nbsp;Introducci\u00f3n Gallardo Automotive Technologies S.L. (en adelante, \u201cGallardo Automotive\u201d) conoce y entiende la preocupaci\u00f3n de los Usuarios por la privacidad y el tratamiento de los datos de car\u00e1cter personal facilitados a trav\u00e9s de este Sitio Web. Por ello, te invitamos a leer atentamente esta pol\u00edtica de privacidad (en adelante, la \u201cPol\u00edtica de [&hellip;]<\/p>\n","protected":false},"author":1,"featured_media":0,"parent":0,"menu_order":0,"comment_status":"closed","ping_status":"closed","template":"","meta":{"footnotes":""},"class_list":["post-2990","page","type-page","status-publish","hentry"],"_links":{"self":[{"href":"https:\/\/gallardodiesel.com\/en\/wp-json\/wp\/v2\/pages\/2990","targetHints":{"allow":["GET"]}}],"collection":[{"href":"https:\/\/gallardodiesel.com\/en\/wp-json\/wp\/v2\/pages"}],"about":[{"href":"https:\/\/gallardodiesel.com\/en\/wp-json\/wp\/v2\/types\/page"}],"author":[{"embeddable":true,"href":"https:\/\/gallardodiesel.com\/en\/wp-json\/wp\/v2\/users\/1"}],"replies":[{"embeddable":true,"href":"https:\/\/gallardodiesel.com\/en\/wp-json\/wp\/v2\/comments?post=2990"}],"version-history":[{"count":5,"href":"https:\/\/gallardodiesel.com\/en\/wp-json\/wp\/v2\/pages\/2990\/revisions"}],"predecessor-version":[{"id":3008,"href":"https:\/\/gallardodiesel.com\/en\/wp-json\/wp\/v2\/pages\/2990\/revisions\/3008"}],"wp:attachment":[{"href":"https:\/\/gallardodiesel.com\/en\/wp-json\/wp\/v2\/media?parent=2990"}],"curies":[{"name":"wp","href":"https:\/\/api.w.org\/{rel}","templated":true}]}}