{"id":3172,"date":"2023-01-25T19:35:59","date_gmt":"2023-01-25T19:35:59","guid":{"rendered":"https:\/\/gallardodiesel.com\/producto\/reman-f2e-smart-injector-22282199\/"},"modified":"2023-09-12T14:30:00","modified_gmt":"2023-09-12T14:30:00","slug":"reman-f2e-smart-injector-22282199","status":"publish","type":"product","link":"https:\/\/gallardodiesel.com\/de\/producto\/reman-f2e-smart-injector-22282199\/","title":{"rendered":"REMAN EINSPRITZVENTIL 22282199 VOLVO"},"content":{"rendered":"<p>Vollst\u00e4ndig \u00fcberholte Einspritzd\u00fcse 22282199 f\u00fcr Volvo Euro 6<\/p>\n<p>Als offizieller Delphi Diesel Center Service haben wir einen gro\u00dfen Vorrat an Einspritzd\u00fcsen in unseren Lagern in Spanien und Deutschland.<\/p>\n<p>Unsere Produkte werden wie auf dem Foto gezeigt geliefert:<\/p>\n<p>Repariert mit original Delphi Ersatzteil.<br \/>\nInjektor verpackt in original Delphi Box.<br \/>\nOffizielles Protokoll der bestandenen Tests auf unseren Hartridge CRI PRO-Pr\u00fcfst\u00e4nden.<\/p>\n<p>Der neue Korrekturcode erm\u00f6glicht die Optimierung der Leistung des Injektors 22282199 f\u00fcr Volvo.<\/p>\n<p>Wir versenden weltweit per Express, so k\u00f6nnen Sie uns f\u00fcr eine Sch\u00e4tzung der Lieferzeit fragen.<\/p>\n<p>Auf alle unsere Produkte gew\u00e4hren wir eine zweij\u00e4hrige Garantie.<\/p>\n<p>Querverweise:<\/p>\n<p>&nbsp;<\/p>\n<p>Volvo &#8211; 22187569<\/p>\n<p>Volvo &#8211; 22282199<\/p>\n<p>Volvo &#8211; 7422187569<\/p>\n<p>Volvo &#8211; 85019800<\/p>\n<p>Volvo &#8211; 85020054<\/p>\n<p>Renault &#8211; 7422187569<\/p>\n<p>Renault &#8211; 7422282199<\/p>\n<p>Renault &#8211; 7485013800<\/p>\n<p>Renault &#8211; 7485019800<\/p>\n<p>Renault &#8211; 85013800<\/p>\n<p>Renault &#8211; 7485020054<\/p>\n<p>Delphi &#8211; BEBJ1F06001<\/p>\n<p>Delphi &#8211; HRE311<\/p>\n<p>&nbsp;<\/p>\n","protected":false},"excerpt":{"rendered":"<p>Vollst\u00e4ndig \u00fcberholte Einspritzd\u00fcse 22282199 f\u00fcr Volvo Euro 6 Als offizieller Delphi Diesel Center Service haben wir einen gro\u00dfen Vorrat an Einspritzd\u00fcsen in unseren Lagern in Spanien und Deutschland. Unsere Produkte werden wie auf dem Foto gezeigt geliefert: Repariert mit original Delphi Ersatzteil. Injektor verpackt in original Delphi Box. Offizielles Protokoll der bestandenen Tests auf unseren [&hellip;]<\/p>\n","protected":false},"featured_media":2631,"template":"","meta":[],"product_cat":[69,88],"product_tag":[],"class_list":["post-3172","product","type-product","status-publish","has-post-thumbnail","hentry","product_cat-delphi-de","product_cat-f2e-de"],"_links":{"self":[{"href":"https:\/\/gallardodiesel.com\/de\/wp-json\/wp\/v2\/product\/3172","targetHints":{"allow":["GET"]}}],"collection":[{"href":"https:\/\/gallardodiesel.com\/de\/wp-json\/wp\/v2\/product"}],"about":[{"href":"https:\/\/gallardodiesel.com\/de\/wp-json\/wp\/v2\/types\/product"}],"wp:featuredmedia":[{"embeddable":true,"href":"https:\/\/gallardodiesel.com\/de\/wp-json\/wp\/v2\/media\/2631"}],"wp:attachment":[{"href":"https:\/\/gallardodiesel.com\/de\/wp-json\/wp\/v2\/media?parent=3172"}],"wp:term":[{"taxonomy":"product_cat","embeddable":true,"href":"https:\/\/gallardodiesel.com\/de\/wp-json\/wp\/v2\/product_cat?post=3172"},{"taxonomy":"product_tag","embeddable":true,"href":"https:\/\/gallardodiesel.com\/de\/wp-json\/wp\/v2\/product_tag?post=3172"}],"curies":[{"name":"wp","href":"https:\/\/api.w.org\/{rel}","templated":true}]}}