{"id":3083,"date":"2023-01-25T19:51:12","date_gmt":"2023-01-25T19:51:12","guid":{"rendered":"https:\/\/gallardodiesel.com\/producto\/reman-f2r-injector-a9360702187\/"},"modified":"2023-09-12T14:51:32","modified_gmt":"2023-09-12T14:51:32","slug":"reman-f2r-injector-a9360702187","status":"publish","type":"product","link":"https:\/\/gallardodiesel.com\/de\/producto\/reman-f2r-injector-a9360702187\/","title":{"rendered":"REMAN EINSPRITZVENTIL A9360702187 MERCEDES"},"content":{"rendered":"<p>Vollst\u00e4ndig \u00fcberholte Einspritzd\u00fcse A9360702187 f\u00fcr MERCEDES Euro 6<\/p>\n<p>Als offizieller Delphi Diesel Center Service haben wir einen gro\u00dfen Vorrat an Einspritzd\u00fcsen in unseren Lagern in Spanien und Deutschland.<\/p>\n<p>Unsere Produkte werden wie auf dem Foto gezeigt geliefert:<\/p>\n<p>Repariert mit original Delphi Ersatzteil.<br \/>\nInjektor verpackt in original Delphi Box.<br \/>\nOffizielles Protokoll der bestandenen Tests auf unseren Hartridge CRI PRO-Pr\u00fcfst\u00e4nden.<\/p>\n<p>Der neue Korrekturcode erm\u00f6glicht die Optimierung der Leistung des Injektors A9360702187 f\u00fcr MERCEDES.<\/p>\n<p>Wir versenden weltweit per Express, so k\u00f6nnen Sie uns f\u00fcr eine Sch\u00e4tzung der Lieferzeit fragen.<\/p>\n<p>Auf alle unsere Produkte gew\u00e4hren wir eine zweij\u00e4hrige Garantie.<\/p>\n<p>Querverweise:<\/p>\n<p>&nbsp;<\/p>\n<p>Mercedes &#8211; A9360702187<\/p>\n<p>Mercedes &#8211; A9362187<\/p>\n<p>Mercedes &#8211; A 936 070 21 87<\/p>\n<p>Delphi &#8211; BEBJ1C01001<\/p>\n<p>Delphi &#8211; BEBJ1C01002<\/p>\n<p>Delphi &#8211; HRE387<\/p>\n","protected":false},"excerpt":{"rendered":"<p>Vollst\u00e4ndig \u00fcberholte Einspritzd\u00fcse A9360702187 f\u00fcr MERCEDES Euro 6 Als offizieller Delphi Diesel Center Service haben wir einen gro\u00dfen Vorrat an Einspritzd\u00fcsen in unseren Lagern in Spanien und Deutschland. Unsere Produkte werden wie auf dem Foto gezeigt geliefert: Repariert mit original Delphi Ersatzteil. Injektor verpackt in original Delphi Box. Offizielles Protokoll der bestandenen Tests auf unseren [&hellip;]<\/p>\n","protected":false},"featured_media":2831,"template":"","meta":[],"product_cat":[69,81],"product_tag":[],"class_list":["post-3083","product","type-product","status-publish","has-post-thumbnail","hentry","product_cat-delphi-de","product_cat-f2r-de"],"_links":{"self":[{"href":"https:\/\/gallardodiesel.com\/de\/wp-json\/wp\/v2\/product\/3083","targetHints":{"allow":["GET"]}}],"collection":[{"href":"https:\/\/gallardodiesel.com\/de\/wp-json\/wp\/v2\/product"}],"about":[{"href":"https:\/\/gallardodiesel.com\/de\/wp-json\/wp\/v2\/types\/product"}],"wp:featuredmedia":[{"embeddable":true,"href":"https:\/\/gallardodiesel.com\/de\/wp-json\/wp\/v2\/media\/2831"}],"wp:attachment":[{"href":"https:\/\/gallardodiesel.com\/de\/wp-json\/wp\/v2\/media?parent=3083"}],"wp:term":[{"taxonomy":"product_cat","embeddable":true,"href":"https:\/\/gallardodiesel.com\/de\/wp-json\/wp\/v2\/product_cat?post=3083"},{"taxonomy":"product_tag","embeddable":true,"href":"https:\/\/gallardodiesel.com\/de\/wp-json\/wp\/v2\/product_tag?post=3083"}],"curies":[{"name":"wp","href":"https:\/\/api.w.org\/{rel}","templated":true}]}}